{"id":235,"date":"2025-12-30T12:10:40","date_gmt":"2025-12-30T12:10:40","guid":{"rendered":"https:\/\/stonegarden-blace.com\/?page_id=235"},"modified":"2025-12-30T12:16:48","modified_gmt":"2025-12-30T12:16:48","slug":"cijenovnik","status":"publish","type":"page","link":"https:\/\/stonegarden-blace.com\/en\/cijenovnik\/","title":{"rendered":"Price list"},"content":{"rendered":"<figure class=\"wp-block-table\"><table class=\"has-fixed-layout\"><tbody><tr><td><strong>Season<\/strong><\/td><td><strong>Minimum stay<\/strong><\/td><td><strong>Price 1st night<\/strong><\/td><td><strong>Price for the accompanying night<\/strong><\/td><\/tr><tr><td>Off season<br>04.01. \u2013 15.03.<\/td><td><br>2 nights<\/td><td><br>200\u20ac<\/td><td><br>100\u20ac<\/td><\/tr><tr><td>Preseason<br>15.03. \u2013 28.05. \/ 14.09. \u2013 03.01.<\/td><td><br>5 nights<\/td><td><br>225\u20ac<\/td><td><br>125\u20ac<\/td><\/tr><tr><td>Main season<br>28.05. \u2013 10.06.<br>28.06. \u2013 14.09<\/td><td><br>5 nights<br>7 nights<\/td><td><br>250\u20ac<br>250\u20ac<\/td><td><br>150\u20ac<br>150\u20ac<\/td><\/tr><\/tbody><\/table><\/figure>\n\n\n\n<p>Rental prices are per night in euros, including VAT. The price for the first night includes final cleaning (\u20ac100). Electricity, water, heating, air conditioning, Wi-Fi, cleaning products (initial supply), bed linen and towels (one-time supply during the stay) and kitchen towels are also included. The house can accommodate up to four people. Additional guests are welcome on request. The additional cost for an additional guest is +30%. Children over three years old are counted as one person.<\/p>\n\n\n\n<p>Minimum stay<\/p>\n\n\n\n<p>During the high season (June 28th - September 14th) we ask that you keep a minimum stay of five or seven nights. In the low season you have the option of booking a short break of two nights. There is a 15% surcharge for this.<\/p>\n\n\n\n<p>Deposit<\/p>\n\n\n\n<p>A deposit of 20% of the rent is payable within 10 days before the start of the stay.<\/p>\n\n\n\n<p><\/p>","protected":false},"excerpt":{"rendered":"<p>Sezona Minimalni boravak Cijena 1. noc Cijena prate\u0107a no\u0107 Izvan sezone04.01. \u2013 15.03. 2 no\u0107i 200\u20ac 100\u20ac Predsezona15.03. \u2013 28.05. \/ 14.09. \u2013 03.01. 5 no\u0107i 225\u20ac 125\u20ac Glavna sezona28.05. \u2013 10.06.28.06. \u2013 14.09 5 no\u0107i7 no\u0107i 250\u20ac250\u20ac 150\u20ac150\u20ac Cijene najma su po no\u0107enju u eurima, uklju\u010duju\u0107i PDV. Cijena za prvu no\u0107 uklju\u010duje zavr\u0161no \u010di\u0161\u0107enje [&hellip;]<\/p>","protected":false},"author":1,"featured_media":0,"parent":0,"menu_order":6,"comment_status":"closed","ping_status":"closed","template":"","meta":{"footnotes":""},"class_list":["post-235","page","type-page","status-publish","hentry"],"blocksy_meta":[],"_hostinger_reach_plugin_has_subscription_block":false,"_hostinger_reach_plugin_is_elementor":false,"_links":{"self":[{"href":"https:\/\/stonegarden-blace.com\/en\/wp-json\/wp\/v2\/pages\/235","targetHints":{"allow":["GET"]}}],"collection":[{"href":"https:\/\/stonegarden-blace.com\/en\/wp-json\/wp\/v2\/pages"}],"about":[{"href":"https:\/\/stonegarden-blace.com\/en\/wp-json\/wp\/v2\/types\/page"}],"author":[{"embeddable":true,"href":"https:\/\/stonegarden-blace.com\/en\/wp-json\/wp\/v2\/users\/1"}],"replies":[{"embeddable":true,"href":"https:\/\/stonegarden-blace.com\/en\/wp-json\/wp\/v2\/comments?post=235"}],"version-history":[{"count":2,"href":"https:\/\/stonegarden-blace.com\/en\/wp-json\/wp\/v2\/pages\/235\/revisions"}],"predecessor-version":[{"id":246,"href":"https:\/\/stonegarden-blace.com\/en\/wp-json\/wp\/v2\/pages\/235\/revisions\/246"}],"wp:attachment":[{"href":"https:\/\/stonegarden-blace.com\/en\/wp-json\/wp\/v2\/media?parent=235"}],"curies":[{"name":"wp","href":"https:\/\/api.w.org\/{rel}","templated":true}]}}